{"id":1156,"date":"2023-11-06T21:35:50","date_gmt":"2023-11-07T00:35:50","guid":{"rendered":"https:\/\/patagoniadrivers.com\/?page_id=1156"},"modified":"2023-11-06T21:41:09","modified_gmt":"2023-11-07T00:41:09","slug":"gracias","status":"publish","type":"page","link":"https:\/\/patagoniadrivers.com\/de\/gracias\/","title":{"rendered":"Gracias!"},"content":{"rendered":"<div data-elementor-type=\"wp-page\" data-elementor-id=\"1156\" class=\"elementor elementor-1156\" data-elementor-settings=\"{&quot;ha_cmc_init_switcher&quot;:&quot;no&quot;}\" data-elementor-post-type=\"page\">\n\t\t\t\t\t\t<section class=\"elementor-section elementor-top-section elementor-element elementor-element-6a9e24d elementor-section-height-min-height elementor-section-boxed elementor-section-height-default elementor-section-items-middle\" data-id=\"6a9e24d\" data-element_type=\"section\" data-e-type=\"section\" data-settings=\"{&quot;background_background&quot;:&quot;classic&quot;,&quot;_ha_eqh_enable&quot;:false}\">\n\t\t\t\t\t\t\t<div class=\"elementor-background-overlay\"><\/div>\n\t\t\t\t\t\t\t<div class=\"elementor-container elementor-column-gap-default\">\n\t\t\t\t\t<div class=\"elementor-column elementor-col-100 elementor-top-column elementor-element elementor-element-fb22f21\" data-id=\"fb22f21\" data-element_type=\"column\" data-e-type=\"column\">\n\t\t\t<div class=\"elementor-widget-wrap elementor-element-populated\">\n\t\t\t\t\t\t<div class=\"elementor-element elementor-element-398323b elementor-invisible elementor-widget elementor-widget-heading\" data-id=\"398323b\" data-element_type=\"widget\" data-e-type=\"widget\" data-settings=\"{&quot;_animation&quot;:&quot;zoomIn&quot;,&quot;_animation_delay&quot;:500}\" data-widget_type=\"heading.default\">\n\t\t\t\t\t<h1 class=\"elementor-heading-title elementor-size-default\">Dankesch\u00f6n<\/h1>\t\t\t\t<\/div>\n\t\t\t\t<div class=\"elementor-element elementor-element-58e1eb30 elementor-widget elementor-widget-text-editor\" data-id=\"58e1eb30\" data-element_type=\"widget\" data-e-type=\"widget\" data-widget_type=\"text-editor.default\">\n\t\t\t\t\t\t\t\t\t<p>Danke, dass Sie sich mit uns in Verbindung setzen! <br \/>Ihr Interesse an <strong><em>Patagonien-Treiber<\/em><\/strong> ist uns sehr willkommen. Wir wissen Ihre Zeit und Aufmerksamkeit zu sch\u00e4tzen und sind Ihnen gerne behilflich, wo wir nur k\u00f6nnen.<\/p><p><strong>Wir haben Ihre Anfrage erhalten und werden uns so schnell wie m\u00f6glich bei Ihnen melden!<\/strong><\/p>\t\t\t\t\t\t\t\t<\/div>\n\t\t\t\t<div class=\"elementor-element elementor-element-cb3b920 elementor-align-center elementor-widget elementor-widget-button\" data-id=\"cb3b920\" data-element_type=\"widget\" data-e-type=\"widget\" data-widget_type=\"button.default\">\n\t\t\t\t\t\t\t\t\t\t<a class=\"elementor-button elementor-button-link elementor-size-sm elementor-animation-grow\" href=\"https:\/\/patagoniadrivers.com\/de\/\">\n\t\t\t\t\t\t<span class=\"elementor-button-content-wrapper\">\n\t\t\t\t\t\t\t\t\t<span class=\"elementor-button-text\">Zur\u00fcck zur Website<\/span>\n\t\t\t\t\t<\/span>\n\t\t\t\t\t<\/a>\n\t\t\t\t\t\t\t\t<\/div>\n\t\t\t\t\t<\/div>\n\t\t<\/div>\n\t\t\t\t\t<\/div>\n\t\t<\/section>\n\t\t\t\t<\/div>","protected":false},"excerpt":{"rendered":"<p>Gracias \u00a1Gracias por conectarte con nosotros! Tu inter\u00e9s en Patagonia Drivers es muy apreciado. Valoramos tu tiempo y atenci\u00f3n, y estamos aqu\u00ed para ayudarte en lo que necesites. Recibimos tu consulta y te responderemos a la brevedad! Volver al sitio<\/p>","protected":false},"author":1,"featured_media":0,"parent":0,"menu_order":0,"comment_status":"closed","ping_status":"closed","template":"","meta":{"_acf_changed":false,"footnotes":""},"class_list":["post-1156","page","type-page","status-publish","hentry"],"acf":[],"yoast_head":"<!-- This site is optimized with the Yoast SEO plugin v26.9 - https:\/\/yoast.com\/product\/yoast-seo-wordpress\/ -->\n<title>Gracias! - Patagonia Drivers<\/title>\n<meta name=\"robots\" content=\"index, follow, max-snippet:-1, max-image-preview:large, max-video-preview:-1\" \/>\n<link rel=\"canonical\" href=\"https:\/\/patagoniadrivers.com\/de\/gracias\/\" \/>\n<meta property=\"og:locale\" content=\"de_DE\" \/>\n<meta property=\"og:type\" content=\"article\" \/>\n<meta property=\"og:title\" content=\"Gracias! - Patagonia Drivers\" \/>\n<meta property=\"og:description\" content=\"Gracias \u00a1Gracias por conectarte con nosotros! Tu inter\u00e9s en Patagonia Drivers es muy apreciado. Valoramos tu tiempo y atenci\u00f3n, y estamos aqu\u00ed para ayudarte en lo que necesites. Recibimos tu consulta y te responderemos a la brevedad! Volver al sitio\" \/>\n<meta property=\"og:url\" content=\"https:\/\/patagoniadrivers.com\/de\/gracias\/\" \/>\n<meta property=\"og:site_name\" content=\"Patagonia Drivers\" \/>\n<meta property=\"article:modified_time\" content=\"2023-11-07T00:41:09+00:00\" \/>\n<meta name=\"twitter:card\" content=\"summary_large_image\" \/>\n<meta name=\"twitter:label1\" content=\"Gesch\u00e4tzte Lesezeit\" \/>\n\t<meta name=\"twitter:data1\" content=\"1\u00a0Minute\" \/>\n<script type=\"application\/ld+json\" class=\"yoast-schema-graph\">{\"@context\":\"https:\/\/schema.org\",\"@graph\":[{\"@type\":\"WebPage\",\"@id\":\"https:\/\/patagoniadrivers.com\/gracias\/\",\"url\":\"https:\/\/patagoniadrivers.com\/gracias\/\",\"name\":\"Gracias! - Patagonia Drivers\",\"isPartOf\":{\"@id\":\"https:\/\/patagoniadrivers.com\/#website\"},\"datePublished\":\"2023-11-07T00:35:50+00:00\",\"dateModified\":\"2023-11-07T00:41:09+00:00\",\"breadcrumb\":{\"@id\":\"https:\/\/patagoniadrivers.com\/gracias\/#breadcrumb\"},\"inLanguage\":\"de\",\"potentialAction\":[{\"@type\":\"ReadAction\",\"target\":[\"https:\/\/patagoniadrivers.com\/gracias\/\"]}]},{\"@type\":\"BreadcrumbList\",\"@id\":\"https:\/\/patagoniadrivers.com\/gracias\/#breadcrumb\",\"itemListElement\":[{\"@type\":\"ListItem\",\"position\":1,\"name\":\"Portada\",\"item\":\"https:\/\/patagoniadrivers.com\/\"},{\"@type\":\"ListItem\",\"position\":2,\"name\":\"Gracias!\"}]},{\"@type\":\"WebSite\",\"@id\":\"https:\/\/patagoniadrivers.com\/#website\",\"url\":\"https:\/\/patagoniadrivers.com\/\",\"name\":\"Patagonia Drivers\",\"description\":\"Somos la primer empresa de alquiler de campervan y motorhome de Ushuaia. Descubr\u00ed toda Patagonia argentina y chilena.\",\"potentialAction\":[{\"@type\":\"SearchAction\",\"target\":{\"@type\":\"EntryPoint\",\"urlTemplate\":\"https:\/\/patagoniadrivers.com\/?s={search_term_string}\"},\"query-input\":{\"@type\":\"PropertyValueSpecification\",\"valueRequired\":true,\"valueName\":\"search_term_string\"}}],\"inLanguage\":\"de\"}]}<\/script>\n<!-- \/ Yoast SEO plugin. -->","yoast_head_json":{"title":"Gracias! - Patagonia Drivers","robots":{"index":"index","follow":"follow","max-snippet":"max-snippet:-1","max-image-preview":"max-image-preview:large","max-video-preview":"max-video-preview:-1"},"canonical":"https:\/\/patagoniadrivers.com\/de\/gracias\/","og_locale":"de_DE","og_type":"article","og_title":"Gracias! - Patagonia Drivers","og_description":"Gracias \u00a1Gracias por conectarte con nosotros! Tu inter\u00e9s en Patagonia Drivers es muy apreciado. Valoramos tu tiempo y atenci\u00f3n, y estamos aqu\u00ed para ayudarte en lo que necesites. Recibimos tu consulta y te responderemos a la brevedad! Volver al sitio","og_url":"https:\/\/patagoniadrivers.com\/de\/gracias\/","og_site_name":"Patagonia Drivers","article_modified_time":"2023-11-07T00:41:09+00:00","twitter_card":"summary_large_image","twitter_misc":{"Gesch\u00e4tzte Lesezeit":"1\u00a0Minute"},"schema":{"@context":"https:\/\/schema.org","@graph":[{"@type":"WebPage","@id":"https:\/\/patagoniadrivers.com\/gracias\/","url":"https:\/\/patagoniadrivers.com\/gracias\/","name":"Gracias! - Patagonia Drivers","isPartOf":{"@id":"https:\/\/patagoniadrivers.com\/#website"},"datePublished":"2023-11-07T00:35:50+00:00","dateModified":"2023-11-07T00:41:09+00:00","breadcrumb":{"@id":"https:\/\/patagoniadrivers.com\/gracias\/#breadcrumb"},"inLanguage":"de","potentialAction":[{"@type":"ReadAction","target":["https:\/\/patagoniadrivers.com\/gracias\/"]}]},{"@type":"BreadcrumbList","@id":"https:\/\/patagoniadrivers.com\/gracias\/#breadcrumb","itemListElement":[{"@type":"ListItem","position":1,"name":"Portada","item":"https:\/\/patagoniadrivers.com\/"},{"@type":"ListItem","position":2,"name":"Gracias!"}]},{"@type":"WebSite","@id":"https:\/\/patagoniadrivers.com\/#website","url":"https:\/\/patagoniadrivers.com\/","name":"Patagonia Drivers","description":"Somos la primer empresa de alquiler de campervan y motorhome de Ushuaia. Descubr\u00ed toda Patagonia argentina y chilena.","potentialAction":[{"@type":"SearchAction","target":{"@type":"EntryPoint","urlTemplate":"https:\/\/patagoniadrivers.com\/?s={search_term_string}"},"query-input":{"@type":"PropertyValueSpecification","valueRequired":true,"valueName":"search_term_string"}}],"inLanguage":"de"}]}},"_links":{"self":[{"href":"https:\/\/patagoniadrivers.com\/de\/wp-json\/wp\/v2\/pages\/1156","targetHints":{"allow":["GET"]}}],"collection":[{"href":"https:\/\/patagoniadrivers.com\/de\/wp-json\/wp\/v2\/pages"}],"about":[{"href":"https:\/\/patagoniadrivers.com\/de\/wp-json\/wp\/v2\/types\/page"}],"author":[{"embeddable":true,"href":"https:\/\/patagoniadrivers.com\/de\/wp-json\/wp\/v2\/users\/1"}],"replies":[{"embeddable":true,"href":"https:\/\/patagoniadrivers.com\/de\/wp-json\/wp\/v2\/comments?post=1156"}],"version-history":[{"count":10,"href":"https:\/\/patagoniadrivers.com\/de\/wp-json\/wp\/v2\/pages\/1156\/revisions"}],"predecessor-version":[{"id":1166,"href":"https:\/\/patagoniadrivers.com\/de\/wp-json\/wp\/v2\/pages\/1156\/revisions\/1166"}],"wp:attachment":[{"href":"https:\/\/patagoniadrivers.com\/de\/wp-json\/wp\/v2\/media?parent=1156"}],"curies":[{"name":"wp","href":"https:\/\/api.w.org\/{rel}","templated":true}]}}