{"id":1275,"date":"2023-11-16T09:55:24","date_gmt":"2023-11-16T12:55:24","guid":{"rendered":"https:\/\/patagoniadrivers.com\/?page_id=1275"},"modified":"2024-08-16T13:15:21","modified_gmt":"2024-08-16T16:15:21","slug":"oportunidades","status":"publish","type":"page","link":"https:\/\/patagoniadrivers.com\/de\/oportunidades\/","title":{"rendered":"M\u00f6glichkeiten"},"content":{"rendered":"<div data-elementor-type=\"wp-page\" data-elementor-id=\"1275\" class=\"elementor elementor-1275\" data-elementor-settings=\"{&quot;ha_cmc_init_switcher&quot;:&quot;no&quot;}\" data-elementor-post-type=\"page\">\n\t\t\t\t\t\t<section class=\"elementor-section elementor-top-section elementor-element elementor-element-03f9083 elementor-section-height-min-height elementor-section-boxed elementor-section-height-default elementor-section-items-middle\" data-id=\"03f9083\" data-element_type=\"section\" data-e-type=\"section\" data-settings=\"{&quot;background_background&quot;:&quot;slideshow&quot;,&quot;background_slideshow_gallery&quot;:[{&quot;id&quot;:637,&quot;url&quot;:&quot;https:\\\/\\\/patagoniadrivers.com\\\/wp-content\\\/uploads\\\/2023\\\/10\\\/dji_0114-crop-u25528.jpg&quot;}],&quot;background_slideshow_ken_burns&quot;:&quot;yes&quot;,&quot;background_slideshow_loop&quot;:&quot;yes&quot;,&quot;background_slideshow_slide_duration&quot;:5000,&quot;background_slideshow_slide_transition&quot;:&quot;fade&quot;,&quot;background_slideshow_transition_duration&quot;:500,&quot;background_slideshow_ken_burns_zoom_direction&quot;:&quot;in&quot;,&quot;_ha_eqh_enable&quot;:false}\">\n\t\t\t\t\t\t\t<div class=\"elementor-background-overlay\"><\/div>\n\t\t\t\t\t\t\t<div class=\"elementor-container elementor-column-gap-default\">\n\t\t\t\t\t<div class=\"elementor-column elementor-col-100 elementor-top-column elementor-element elementor-element-7964d83\" data-id=\"7964d83\" data-element_type=\"column\" data-e-type=\"column\">\n\t\t\t<div class=\"elementor-widget-wrap elementor-element-populated\">\n\t\t\t\t\t\t<div class=\"elementor-element elementor-element-2d06f8a elementor-invisible elementor-widget elementor-widget-heading\" data-id=\"2d06f8a\" data-element_type=\"widget\" data-e-type=\"widget\" data-settings=\"{&quot;_animation&quot;:&quot;zoomIn&quot;}\" data-widget_type=\"heading.default\">\n\t\t\t\t\t<h2 class=\"elementor-heading-title elementor-size-default\">M\u00f6glichkeiten<\/h2>\t\t\t\t<\/div>\n\t\t\t\t\t<\/div>\n\t\t<\/div>\n\t\t\t\t\t<\/div>\n\t\t<\/section>\n\t\t\t\t<section class=\"elementor-section elementor-top-section elementor-element elementor-element-576436e elementor-section-boxed elementor-section-height-default elementor-section-height-default\" data-id=\"576436e\" data-element_type=\"section\" data-e-type=\"section\" data-settings=\"{&quot;_ha_eqh_enable&quot;:false}\">\n\t\t\t\t\t\t<div class=\"elementor-container elementor-column-gap-default\">\n\t\t\t\t\t<div class=\"elementor-column elementor-col-100 elementor-top-column elementor-element elementor-element-c298ede\" data-id=\"c298ede\" data-element_type=\"column\" data-e-type=\"column\">\n\t\t\t<div class=\"elementor-widget-wrap elementor-element-populated\">\n\t\t\t\t\t\t<div class=\"elementor-element elementor-element-0665008 elementor-widget__width-initial elementor-invisible elementor-widget elementor-widget-heading\" data-id=\"0665008\" data-element_type=\"widget\" data-e-type=\"widget\" data-settings=\"{&quot;_animation&quot;:&quot;fadeInUp&quot;}\" data-widget_type=\"heading.default\">\n\t\t\t\t\t<h2 class=\"elementor-heading-title elementor-size-default\">Wir von Patagonia Drivers glauben, dass jede Reise eine Gelegenheit ist, unvergessliche Erinnerungen zu schaffen. Nutzen Sie unsere Sondertarife, um ein Wohnmobil an einem Ort abzuholen und an einem anderen wieder abzuliefern, und gestalten Sie Ihre eigene Reiseroute - buchen Sie so schnell wie m\u00f6glich, denn die Angebote sind begrenzt und \u00e4ndern sich st\u00e4ndig!<\/h2>\t\t\t\t<\/div>\n\t\t\t\t\t<\/div>\n\t\t<\/div>\n\t\t\t\t\t<\/div>\n\t\t<\/section>\n\t\t\t\t<\/div>","protected":false},"excerpt":{"rendered":"<p>M\u00f6glichkeiten Wir bei Patagonia Drivers glauben, dass jede Reise eine Gelegenheit ist, unvergessliche Erinnerungen zu schaffen. Nutzen Sie unsere Sondertarife, um ein Wohnmobil an einem Ort abzuholen und an einem anderen wieder abzuliefern und Ihre eigene Reiseroute zu gestalten - buchen Sie so fr\u00fch wie m\u00f6glich, denn die Angebote sind begrenzt und \u00e4ndern sich st\u00e4ndig!<\/p>","protected":false},"author":1,"featured_media":0,"parent":0,"menu_order":0,"comment_status":"closed","ping_status":"closed","template":"","meta":{"_acf_changed":false,"footnotes":""},"class_list":["post-1275","page","type-page","status-publish","hentry"],"acf":[],"yoast_head":"<!-- This site is optimized with the Yoast SEO plugin v26.9 - https:\/\/yoast.com\/product\/yoast-seo-wordpress\/ -->\n<title>Oportunidades - Patagonia Drivers<\/title>\n<meta name=\"robots\" content=\"index, follow, max-snippet:-1, max-image-preview:large, max-video-preview:-1\" \/>\n<link rel=\"canonical\" href=\"https:\/\/patagoniadrivers.com\/de\/oportunidades\/\" \/>\n<meta property=\"og:locale\" content=\"de_DE\" \/>\n<meta property=\"og:type\" content=\"article\" \/>\n<meta property=\"og:title\" content=\"Oportunidades - Patagonia Drivers\" \/>\n<meta property=\"og:description\" content=\"Oportunidades En Patagonia Drivers creemos que cada viaje es una oportunidad para crear recuerdos inolvidables. Aprovecha nuestras tarifas especiales para recoger un camper en un punto y entregarlo en otro, dise\u00f1ando tu propio itinerario. \u00a1Aseg\u00farate de reservar lo antes posible ya que son limitadas y cambian constantemente!\" \/>\n<meta property=\"og:url\" content=\"https:\/\/patagoniadrivers.com\/de\/oportunidades\/\" \/>\n<meta property=\"og:site_name\" content=\"Patagonia Drivers\" \/>\n<meta property=\"article:modified_time\" content=\"2024-08-16T16:15:21+00:00\" \/>\n<meta name=\"twitter:card\" content=\"summary_large_image\" \/>\n<meta name=\"twitter:label1\" content=\"Gesch\u00e4tzte Lesezeit\" \/>\n\t<meta name=\"twitter:data1\" content=\"1\u00a0Minute\" \/>\n<script type=\"application\/ld+json\" class=\"yoast-schema-graph\">{\"@context\":\"https:\/\/schema.org\",\"@graph\":[{\"@type\":\"WebPage\",\"@id\":\"https:\/\/patagoniadrivers.com\/oportunidades\/\",\"url\":\"https:\/\/patagoniadrivers.com\/oportunidades\/\",\"name\":\"Oportunidades - Patagonia Drivers\",\"isPartOf\":{\"@id\":\"https:\/\/patagoniadrivers.com\/#website\"},\"datePublished\":\"2023-11-16T12:55:24+00:00\",\"dateModified\":\"2024-08-16T16:15:21+00:00\",\"breadcrumb\":{\"@id\":\"https:\/\/patagoniadrivers.com\/oportunidades\/#breadcrumb\"},\"inLanguage\":\"de\",\"potentialAction\":[{\"@type\":\"ReadAction\",\"target\":[\"https:\/\/patagoniadrivers.com\/oportunidades\/\"]}]},{\"@type\":\"BreadcrumbList\",\"@id\":\"https:\/\/patagoniadrivers.com\/oportunidades\/#breadcrumb\",\"itemListElement\":[{\"@type\":\"ListItem\",\"position\":1,\"name\":\"Portada\",\"item\":\"https:\/\/patagoniadrivers.com\/\"},{\"@type\":\"ListItem\",\"position\":2,\"name\":\"Oportunidades\"}]},{\"@type\":\"WebSite\",\"@id\":\"https:\/\/patagoniadrivers.com\/#website\",\"url\":\"https:\/\/patagoniadrivers.com\/\",\"name\":\"Patagonia Drivers\",\"description\":\"Somos la primer empresa de alquiler de campervan y motorhome de Ushuaia. Descubr\u00ed toda Patagonia argentina y chilena.\",\"potentialAction\":[{\"@type\":\"SearchAction\",\"target\":{\"@type\":\"EntryPoint\",\"urlTemplate\":\"https:\/\/patagoniadrivers.com\/?s={search_term_string}\"},\"query-input\":{\"@type\":\"PropertyValueSpecification\",\"valueRequired\":true,\"valueName\":\"search_term_string\"}}],\"inLanguage\":\"de\"}]}<\/script>\n<!-- \/ Yoast SEO plugin. -->","yoast_head_json":{"title":"Oportunidades - Patagonia Drivers","robots":{"index":"index","follow":"follow","max-snippet":"max-snippet:-1","max-image-preview":"max-image-preview:large","max-video-preview":"max-video-preview:-1"},"canonical":"https:\/\/patagoniadrivers.com\/de\/oportunidades\/","og_locale":"de_DE","og_type":"article","og_title":"Oportunidades - Patagonia Drivers","og_description":"Oportunidades En Patagonia Drivers creemos que cada viaje es una oportunidad para crear recuerdos inolvidables. Aprovecha nuestras tarifas especiales para recoger un camper en un punto y entregarlo en otro, dise\u00f1ando tu propio itinerario. \u00a1Aseg\u00farate de reservar lo antes posible ya que son limitadas y cambian constantemente!","og_url":"https:\/\/patagoniadrivers.com\/de\/oportunidades\/","og_site_name":"Patagonia Drivers","article_modified_time":"2024-08-16T16:15:21+00:00","twitter_card":"summary_large_image","twitter_misc":{"Gesch\u00e4tzte Lesezeit":"1\u00a0Minute"},"schema":{"@context":"https:\/\/schema.org","@graph":[{"@type":"WebPage","@id":"https:\/\/patagoniadrivers.com\/oportunidades\/","url":"https:\/\/patagoniadrivers.com\/oportunidades\/","name":"Oportunidades - Patagonia Drivers","isPartOf":{"@id":"https:\/\/patagoniadrivers.com\/#website"},"datePublished":"2023-11-16T12:55:24+00:00","dateModified":"2024-08-16T16:15:21+00:00","breadcrumb":{"@id":"https:\/\/patagoniadrivers.com\/oportunidades\/#breadcrumb"},"inLanguage":"de","potentialAction":[{"@type":"ReadAction","target":["https:\/\/patagoniadrivers.com\/oportunidades\/"]}]},{"@type":"BreadcrumbList","@id":"https:\/\/patagoniadrivers.com\/oportunidades\/#breadcrumb","itemListElement":[{"@type":"ListItem","position":1,"name":"Portada","item":"https:\/\/patagoniadrivers.com\/"},{"@type":"ListItem","position":2,"name":"Oportunidades"}]},{"@type":"WebSite","@id":"https:\/\/patagoniadrivers.com\/#website","url":"https:\/\/patagoniadrivers.com\/","name":"Patagonia Drivers","description":"Somos la primer empresa de alquiler de campervan y motorhome de Ushuaia. Descubr\u00ed toda Patagonia argentina y chilena.","potentialAction":[{"@type":"SearchAction","target":{"@type":"EntryPoint","urlTemplate":"https:\/\/patagoniadrivers.com\/?s={search_term_string}"},"query-input":{"@type":"PropertyValueSpecification","valueRequired":true,"valueName":"search_term_string"}}],"inLanguage":"de"}]}},"_links":{"self":[{"href":"https:\/\/patagoniadrivers.com\/de\/wp-json\/wp\/v2\/pages\/1275","targetHints":{"allow":["GET"]}}],"collection":[{"href":"https:\/\/patagoniadrivers.com\/de\/wp-json\/wp\/v2\/pages"}],"about":[{"href":"https:\/\/patagoniadrivers.com\/de\/wp-json\/wp\/v2\/types\/page"}],"author":[{"embeddable":true,"href":"https:\/\/patagoniadrivers.com\/de\/wp-json\/wp\/v2\/users\/1"}],"replies":[{"embeddable":true,"href":"https:\/\/patagoniadrivers.com\/de\/wp-json\/wp\/v2\/comments?post=1275"}],"version-history":[{"count":25,"href":"https:\/\/patagoniadrivers.com\/de\/wp-json\/wp\/v2\/pages\/1275\/revisions"}],"predecessor-version":[{"id":1453,"href":"https:\/\/patagoniadrivers.com\/de\/wp-json\/wp\/v2\/pages\/1275\/revisions\/1453"}],"wp:attachment":[{"href":"https:\/\/patagoniadrivers.com\/de\/wp-json\/wp\/v2\/media?parent=1275"}],"curies":[{"name":"wp","href":"https:\/\/api.w.org\/{rel}","templated":true}]}}