{"id":700,"date":"2023-10-25T13:10:57","date_gmt":"2023-10-25T16:10:57","guid":{"rendered":"https:\/\/patagoniadrivers.com\/?page_id=700"},"modified":"2026-02-06T11:04:16","modified_gmt":"2026-02-06T14:04:16","slug":"itinerarios","status":"publish","type":"page","link":"https:\/\/patagoniadrivers.com\/de\/itinerarios\/","title":{"rendered":"Reiserouten"},"content":{"rendered":"<div data-elementor-type=\"wp-page\" data-elementor-id=\"700\" class=\"elementor elementor-700\" data-elementor-settings=\"{&quot;ha_cmc_init_switcher&quot;:&quot;no&quot;}\" data-elementor-post-type=\"page\">\n\t\t\t\t\t\t<section class=\"elementor-section elementor-top-section elementor-element elementor-element-03f9083 elementor-section-height-min-height elementor-section-boxed elementor-section-height-default elementor-section-items-middle\" data-id=\"03f9083\" data-element_type=\"section\" data-e-type=\"section\" data-settings=\"{&quot;background_background&quot;:&quot;slideshow&quot;,&quot;background_slideshow_gallery&quot;:[{&quot;id&quot;:694,&quot;url&quot;:&quot;https:\\\/\\\/patagoniadrivers.com\\\/wp-content\\\/uploads\\\/2023\\\/10\\\/dsc_4048-pano1158x662.jpg&quot;},{&quot;id&quot;:691,&quot;url&quot;:&quot;https:\\\/\\\/patagoniadrivers.com\\\/wp-content\\\/uploads\\\/2023\\\/10\\\/dsc_3633-crop-u26863.jpg&quot;},{&quot;id&quot;:687,&quot;url&quot;:&quot;https:\\\/\\\/patagoniadrivers.com\\\/wp-content\\\/uploads\\\/2023\\\/10\\\/dji_0053-crop-u26185.jpg&quot;},{&quot;id&quot;:639,&quot;url&quot;:&quot;https:\\\/\\\/patagoniadrivers.com\\\/wp-content\\\/uploads\\\/2023\\\/10\\\/dji_0425-crop-u24939.jpg&quot;},{&quot;id&quot;:637,&quot;url&quot;:&quot;https:\\\/\\\/patagoniadrivers.com\\\/wp-content\\\/uploads\\\/2023\\\/10\\\/dji_0114-crop-u25528.jpg&quot;}],&quot;background_slideshow_ken_burns&quot;:&quot;yes&quot;,&quot;background_slideshow_loop&quot;:&quot;yes&quot;,&quot;background_slideshow_slide_duration&quot;:5000,&quot;background_slideshow_slide_transition&quot;:&quot;fade&quot;,&quot;background_slideshow_transition_duration&quot;:500,&quot;background_slideshow_ken_burns_zoom_direction&quot;:&quot;in&quot;,&quot;_ha_eqh_enable&quot;:false}\">\n\t\t\t\t\t\t\t<div class=\"elementor-background-overlay\"><\/div>\n\t\t\t\t\t\t\t<div class=\"elementor-container elementor-column-gap-default\">\n\t\t\t\t\t<div class=\"elementor-column elementor-col-100 elementor-top-column elementor-element elementor-element-7964d83\" data-id=\"7964d83\" data-element_type=\"column\" data-e-type=\"column\">\n\t\t\t<div class=\"elementor-widget-wrap elementor-element-populated\">\n\t\t\t\t\t\t<div class=\"elementor-element elementor-element-2d06f8a elementor-invisible elementor-widget elementor-widget-heading\" data-id=\"2d06f8a\" data-element_type=\"widget\" data-e-type=\"widget\" data-settings=\"{&quot;_animation&quot;:&quot;zoomIn&quot;}\" data-widget_type=\"heading.default\">\n\t\t\t\t\t<h2 class=\"elementor-heading-title elementor-size-default\">Reiserouten<\/h2>\t\t\t\t<\/div>\n\t\t\t\t\t<\/div>\n\t\t<\/div>\n\t\t\t\t\t<\/div>\n\t\t<\/section>\n\t\t\t\t<section class=\"elementor-section elementor-top-section elementor-element elementor-element-576436e elementor-section-full_width elementor-section-height-default elementor-section-height-default\" data-id=\"576436e\" data-element_type=\"section\" data-e-type=\"section\" data-settings=\"{&quot;_ha_eqh_enable&quot;:false}\">\n\t\t\t\t\t\t<div class=\"elementor-container elementor-column-gap-default\">\n\t\t\t\t\t<div class=\"elementor-column elementor-col-100 elementor-top-column elementor-element elementor-element-c298ede\" data-id=\"c298ede\" data-element_type=\"column\" data-e-type=\"column\">\n\t\t\t<div class=\"elementor-widget-wrap elementor-element-populated\">\n\t\t\t\t\t\t<div class=\"elementor-element elementor-element-0665008 elementor-widget__width-initial elementor-invisible elementor-widget elementor-widget-heading\" data-id=\"0665008\" data-element_type=\"widget\" data-e-type=\"widget\" data-settings=\"{&quot;_animation&quot;:&quot;fadeInUp&quot;}\" data-widget_type=\"heading.default\">\n\t\t\t\t\t<h2 class=\"elementor-heading-title elementor-size-default\"><span style=\"font-size: 19px\">Falls Sie sich noch nicht entschieden haben, wie Sie Patagonien entdecken m\u00f6chten, diese <\/span><span data-start=\"359\" data-end=\"384\" style=\"font-size: 19px\">vorgeschlagene Reiserouten<\/span><span style=\"font-size: 19px\"> sie sind ein hervorragender Ausgangspunkt. Dies sind Routen. <\/span><span data-start=\"443\" data-end=\"483\" style=\"font-size: 19px\">vollst\u00e4ndig und sorgf\u00e4ltig gestaltet<\/span><span style=\"font-size: 19px\">entwickelt damit Sie Patagonien in Ihrem eigenen Tempo erleben k\u00f6nnen.<\/span><\/h2>\t\t\t\t<\/div>\n\t\t\t\t<div class=\"elementor-element elementor-element-d787871 elementor-widget__width-initial elementor-invisible elementor-widget elementor-widget-heading\" data-id=\"d787871\" data-element_type=\"widget\" data-e-type=\"widget\" data-settings=\"{&quot;_animation&quot;:&quot;fadeInUp&quot;}\" data-widget_type=\"heading.default\">\n\t\t\t\t\t<h2 class=\"elementor-heading-title elementor-size-default\"><p data-start=\"300\" data-end=\"559\">Unsere praktischen und komfortablen Fahrzeuge erm\u00f6glichen Ihnen <strong data-start=\"619\" data-end=\"650\">pernoctar en lugares \u00fanicos<\/strong>, rodeado de paisajes incre\u00edbles y con todo lo necesario para disfrutar del viaje con comodidad.<\/p><p data-start=\"561\" data-end=\"862\">\nY si cont\u00e1s con menos tiempo, <strong data-start=\"779\" data-end=\"815\">los itinerarios pueden adaptarse<\/strong> seg\u00fan tus fechas, intereses y estilo de viaje.<\/p>\n<p data-start=\"864\" data-end=\"1048\">Nuestro <strong data-start=\"872\" data-end=\"893\">Abenteuer-Manager<\/strong> estar\u00e1 a disposici\u00f3n para ayudarte a <strong data-start=\"931\" data-end=\"972\">organizar y personalizar tu recorrido<\/strong>, brind\u00e1ndote recomendaciones y acompa\u00f1amiento en cada etapa de tu aventura.<\/p><\/h2>\t\t\t\t<\/div>\n\t\t\t\t<div class=\"elementor-element elementor-element-5ceb5a7 elementor-grid-3 elementor-grid-tablet-2 elementor-grid-mobile-1 elementor-widget elementor-widget-loop-grid\" data-id=\"5ceb5a7\" data-element_type=\"widget\" data-e-type=\"widget\" data-settings=\"{&quot;template_id&quot;:1908,&quot;row_gap_mobile&quot;:{&quot;unit&quot;:&quot;px&quot;,&quot;size&quot;:0,&quot;sizes&quot;:[]},&quot;_skin&quot;:&quot;post&quot;,&quot;columns&quot;:&quot;3&quot;,&quot;columns_tablet&quot;:&quot;2&quot;,&quot;columns_mobile&quot;:&quot;1&quot;,&quot;edit_handle_selector&quot;:&quot;[data-elementor-type=\\&quot;loop-item\\&quot;]&quot;,&quot;row_gap&quot;:{&quot;unit&quot;:&quot;px&quot;,&quot;size&quot;:&quot;&quot;,&quot;sizes&quot;:[]},&quot;row_gap_tablet&quot;:{&quot;unit&quot;:&quot;px&quot;,&quot;size&quot;:&quot;&quot;,&quot;sizes&quot;:[]}}\" data-widget_type=\"loop-grid.post\">\n\t\t\t\t<div class=\"elementor-widget-container\">\n\t\t\t\t\t\t\t<div class=\"elementor-loop-container elementor-grid\" role=\"list\">\n\t\t<style id=\"loop-1908\">.elementor-1908 .elementor-element.elementor-element-89559e7{margin-top:0px;margin-bottom:0px;}.elementor-1908 .elementor-element.elementor-element-020487c > .elementor-element-populated{margin:0px 0px 0px 0px;--e-column-margin-right:0px;--e-column-margin-left:0px;padding:0px 0px 0px 0px;}.elementor-1908 .elementor-element.elementor-element-1cfa712 .ha-ihe-wrapper .ha-ihe-fig .ha-ihe-title{font-family:\"Rubik\", Sans-serif;font-size:22px;font-weight:600;}.elementor-1908 .elementor-element.elementor-element-1cfa712 .ha-ihe-wrapper .ha-ihe-fig .ha-ihe-desc{font-family:\"Roboto\", Sans-serif;font-size:14px;font-weight:400;text-transform:none;}.elementor-1908 .elementor-element.elementor-element-1cfa712 .ha-ihe-wrapper .ha-ihe-fig, .elementor-1908 .elementor-element.elementor-element-1cfa712 .ha-ihe-wrapper .ha-ihe-fig.ha-effect-sadie .ha-ihe-caption::before{background-color:transparent;background-image:linear-gradient(180deg, #00000000 0%, #000000 100%);}.elementor-1908 .elementor-element.elementor-element-1cfa712 .ha-ihe-wrapper .ha-ihe-fig:hover, .elementor-1908 .elementor-element.elementor-element-1cfa712 .ha-ihe-wrapper .ha-ihe-fig.ha-effect-sadie:hover .ha-ihe-caption::before{background-color:#00000087;}@media(max-width:767px){.elementor-1908 .elementor-element.elementor-element-89559e7{margin-top:0px;margin-bottom:0px;padding:0px 0px 0px 0px;}.elementor-1908 .elementor-element.elementor-element-020487c > .elementor-element-populated{margin:0px 0px 0px 0px;--e-column-margin-right:0px;--e-column-margin-left:0px;padding:0px 0px 0px 0px;}.elementor-1908 .elementor-element.elementor-element-1cfa712 .ha-ihe-wrapper .ha-ihe-fig .ha-ihe-title{font-size:20px;}.elementor-1908 .elementor-element.elementor-element-1cfa712 .ha-ihe-wrapper .ha-ihe-fig .ha-ihe-desc{font-size:14px;}}<\/style>\t\t<div data-elementor-type=\"loop-item\" data-elementor-id=\"1908\" class=\"elementor elementor-1908 e-loop-item e-loop-item-635 post-635 itinerarios type-itinerarios status-publish has-post-thumbnail hentry\" data-elementor-settings=\"{&quot;ha_cmc_init_switcher&quot;:&quot;no&quot;}\" data-elementor-post-type=\"elementor_library\" data-custom-edit-handle=\"1\">\n\t\t\t\t\t<section class=\"elementor-section elementor-top-section elementor-element elementor-element-89559e7 elementor-section-full_width elementor-section-height-default elementor-section-height-default\" data-id=\"89559e7\" data-element_type=\"section\" data-e-type=\"section\" data-settings=\"{&quot;animation&quot;:&quot;none&quot;,&quot;_ha_eqh_enable&quot;:false}\">\n\t\t\t\t\t\t<div class=\"elementor-container elementor-column-gap-default\">\n\t\t\t\t\t<div class=\"elementor-column elementor-col-100 elementor-top-column elementor-element elementor-element-020487c\" data-id=\"020487c\" data-element_type=\"column\" data-e-type=\"column\">\n\t\t\t<div class=\"elementor-widget-wrap elementor-element-populated\">\n\t\t\t\t\t\t<div class=\"elementor-element elementor-element-1cfa712 elementor-widget elementor-widget-ha-image-hover-effect happy-addon ha-image-hover-effect\" data-id=\"1cfa712\" data-element_type=\"widget\" data-e-type=\"widget\" data-settings=\"{&quot;_animation&quot;:&quot;none&quot;}\" data-widget_type=\"ha-image-hover-effect.default\">\n\t\t\t\t\t\t\t<div class=\"ha-ihe-wrapper grid\">\n\t\t\t<figure class=\"ha-ihe-fig ha-effect-bubba\">\n\t\t\t\t<img decoding=\"async\" class=\"ha-ihe-img\" src=\"https:\/\/patagoniadrivers.com\/wp-content\/uploads\/2023\/10\/dji_0425-crop-u24939.jpg\" alt=\"Image hover effect image\" \/>\n\t\t\t\t<figcaption class=\"ha-ihe-caption\">\n\t\t\t\t\t\t\t\t\t\t\t<h2 class=\"ha-ihe-title\">Fin del Mundo y Ping\u00fcino Rey<\/h2>\t\t\t\t\t\t\t\t\t\t\t\t\t<p class=\"ha-ihe-desc\"><b>ENTFERNUNG: <\/b>950 Kil\u00f3metros (10\/12 d\u00edas) <\/p>\n\t\t\t\t\t\t\t\t\t\t\t\t\t\t\t\t\t\t\t\t\t\t\t<a href=\"https:\/\/patagoniadrivers.com\/de\/itinerarios\/fin-del-mundo-y-pinguino-rey\/\" ><\/a>\n\t\t\t\t\t\t\t\t\t<\/figcaption>\n\t\t\t<\/figure>\n\t\t<\/div>\n\t\t\t\t<\/div>\n\t\t\t\t\t<\/div>\n\t\t<\/div>\n\t\t\t\t\t<\/div>\n\t\t<\/section>\n\t\t\t\t<\/div>\n\t\t\t\t<div data-elementor-type=\"loop-item\" data-elementor-id=\"1908\" class=\"elementor elementor-1908 e-loop-item e-loop-item-684 post-684 itinerarios type-itinerarios status-publish has-post-thumbnail hentry\" data-elementor-settings=\"{&quot;ha_cmc_init_switcher&quot;:&quot;no&quot;}\" data-elementor-post-type=\"elementor_library\" data-custom-edit-handle=\"1\">\n\t\t\t\t\t<section class=\"elementor-section elementor-top-section elementor-element elementor-element-89559e7 elementor-section-full_width elementor-section-height-default elementor-section-height-default\" data-id=\"89559e7\" data-element_type=\"section\" data-e-type=\"section\" data-settings=\"{&quot;animation&quot;:&quot;none&quot;,&quot;_ha_eqh_enable&quot;:false}\">\n\t\t\t\t\t\t<div class=\"elementor-container elementor-column-gap-default\">\n\t\t\t\t\t<div class=\"elementor-column elementor-col-100 elementor-top-column elementor-element elementor-element-020487c\" data-id=\"020487c\" data-element_type=\"column\" data-e-type=\"column\">\n\t\t\t<div class=\"elementor-widget-wrap elementor-element-populated\">\n\t\t\t\t\t\t<div class=\"elementor-element elementor-element-1cfa712 elementor-widget elementor-widget-ha-image-hover-effect happy-addon ha-image-hover-effect\" data-id=\"1cfa712\" data-element_type=\"widget\" data-e-type=\"widget\" data-settings=\"{&quot;_animation&quot;:&quot;none&quot;}\" data-widget_type=\"ha-image-hover-effect.default\">\n\t\t\t\t\t\t\t<div class=\"ha-ihe-wrapper grid\">\n\t\t\t<figure class=\"ha-ihe-fig ha-effect-bubba\">\n\t\t\t\t<img decoding=\"async\" class=\"ha-ihe-img\" src=\"https:\/\/patagoniadrivers.com\/wp-content\/uploads\/2023\/10\/dji_0017-crop-u26279.jpg\" alt=\"Image hover effect image\" \/>\n\t\t\t\t<figcaption class=\"ha-ihe-caption\">\n\t\t\t\t\t\t\t\t\t\t\t<h2 class=\"ha-ihe-title\">Der Gro\u00dfe S\u00fcden | Magellan und Wale<\/h2>\t\t\t\t\t\t\t\t\t\t\t\t\t<p class=\"ha-ihe-desc\"><b>ENTFERNUNG: <\/b>1.400 kil\u00f3metros (12\/15 d\u00edas) <\/p>\n\t\t\t\t\t\t\t\t\t\t\t\t\t\t\t\t\t\t\t\t\t\t\t<a href=\"https:\/\/patagoniadrivers.com\/de\/itinerarios\/gran-sur-magallanes-y-ballenas\/\" ><\/a>\n\t\t\t\t\t\t\t\t\t<\/figcaption>\n\t\t\t<\/figure>\n\t\t<\/div>\n\t\t\t\t<\/div>\n\t\t\t\t\t<\/div>\n\t\t<\/div>\n\t\t\t\t\t<\/div>\n\t\t<\/section>\n\t\t\t\t<\/div>\n\t\t\t\t<div data-elementor-type=\"loop-item\" data-elementor-id=\"1908\" class=\"elementor elementor-1908 e-loop-item e-loop-item-689 post-689 itinerarios type-itinerarios status-publish has-post-thumbnail hentry\" data-elementor-settings=\"{&quot;ha_cmc_init_switcher&quot;:&quot;no&quot;}\" data-elementor-post-type=\"elementor_library\" data-custom-edit-handle=\"1\">\n\t\t\t\t\t<section class=\"elementor-section elementor-top-section elementor-element elementor-element-89559e7 elementor-section-full_width elementor-section-height-default elementor-section-height-default\" data-id=\"89559e7\" data-element_type=\"section\" data-e-type=\"section\" data-settings=\"{&quot;animation&quot;:&quot;none&quot;,&quot;_ha_eqh_enable&quot;:false}\">\n\t\t\t\t\t\t<div class=\"elementor-container elementor-column-gap-default\">\n\t\t\t\t\t<div class=\"elementor-column elementor-col-100 elementor-top-column elementor-element elementor-element-020487c\" data-id=\"020487c\" data-element_type=\"column\" data-e-type=\"column\">\n\t\t\t<div class=\"elementor-widget-wrap elementor-element-populated\">\n\t\t\t\t\t\t<div class=\"elementor-element elementor-element-1cfa712 elementor-widget elementor-widget-ha-image-hover-effect happy-addon ha-image-hover-effect\" data-id=\"1cfa712\" data-element_type=\"widget\" data-e-type=\"widget\" data-settings=\"{&quot;_animation&quot;:&quot;none&quot;}\" data-widget_type=\"ha-image-hover-effect.default\">\n\t\t\t\t\t\t\t<div class=\"ha-ihe-wrapper grid\">\n\t\t\t<figure class=\"ha-ihe-fig ha-effect-bubba\">\n\t\t\t\t<img decoding=\"async\" class=\"ha-ihe-img\" src=\"https:\/\/patagoniadrivers.com\/wp-content\/uploads\/2023\/10\/dsc_3668-crop-u26894.jpg\" alt=\"Image hover effect image\" \/>\n\t\t\t\t<figcaption class=\"ha-ihe-caption\">\n\t\t\t\t\t\t\t\t\t\t\t<h2 class=\"ha-ihe-title\">Patagonia profunda<\/h2>\t\t\t\t\t\t\t\t\t\t\t\t\t<p class=\"ha-ihe-desc\"><b>ENTFERNUNG: <\/b>1.900 Kil\u00f3metros (18\/21 d\u00edas)<\/p>\n\t\t\t\t\t\t\t\t\t\t\t\t\t\t\t\t\t\t\t\t\t\t\t<a href=\"https:\/\/patagoniadrivers.com\/de\/itinerarios\/la-reina-patagonia-y-torres-del-paine\/\" ><\/a>\n\t\t\t\t\t\t\t\t\t<\/figcaption>\n\t\t\t<\/figure>\n\t\t<\/div>\n\t\t\t\t<\/div>\n\t\t\t\t\t<\/div>\n\t\t<\/div>\n\t\t\t\t\t<\/div>\n\t\t<\/section>\n\t\t\t\t<\/div>\n\t\t\t\t<\/div>\n\t\t\n\t\t\t\t\t\t<\/div>\n\t\t\t\t<\/div>\n\t\t\t\t\t<\/div>\n\t\t<\/div>\n\t\t\t\t\t<\/div>\n\t\t<\/section>\n\t\t\t\t<section class=\"elementor-section elementor-top-section elementor-element elementor-element-4ee601f elementor-section-boxed elementor-section-height-default elementor-section-height-default\" data-id=\"4ee601f\" data-element_type=\"section\" data-e-type=\"section\" data-settings=\"{&quot;background_background&quot;:&quot;classic&quot;,&quot;_ha_eqh_enable&quot;:false}\">\n\t\t\t\t\t\t<div class=\"elementor-container elementor-column-gap-default\">\n\t\t\t\t\t<div class=\"elementor-column elementor-col-100 elementor-top-column elementor-element elementor-element-af7f9a6\" data-id=\"af7f9a6\" data-element_type=\"column\" data-e-type=\"column\">\n\t\t\t<div class=\"elementor-widget-wrap elementor-element-populated\">\n\t\t\t\t\t\t<div class=\"elementor-element elementor-element-391a1bb elementor-widget__width-inherit elementor-invisible elementor-widget elementor-widget-heading\" data-id=\"391a1bb\" data-element_type=\"widget\" data-e-type=\"widget\" data-settings=\"{&quot;_animation&quot;:&quot;fadeInUp&quot;}\" data-widget_type=\"heading.default\">\n\t\t\t\t\t<h2 class=\"elementor-heading-title elementor-size-default\">Planen Sie Ihr Abenteuer jetzt!<\/h2>\t\t\t\t<\/div>\n\t\t\t\t<div class=\"elementor-element elementor-element-83eb1e2 elementor-widget elementor-widget-text-editor\" data-id=\"83eb1e2\" data-element_type=\"widget\" data-e-type=\"widget\" data-widget_type=\"text-editor.default\">\n\t\t\t\t\t\t\t\t\t<p>\u00a0Entdecken Sie die Freiheit des Reisens in Ihrem eigenen Tempo mit unseren hochwertigen Reisemobilen. Pr\u00fcfen Sie die verf\u00fcgbaren Termine und sichern Sie sich Ihren n\u00e4chsten Urlaub.<\/p>\t\t\t\t\t\t\t\t<\/div>\n\t\t\t\t<div class=\"elementor-element elementor-element-7298af9 elementor-align-center animated-slow elementor-invisible elementor-widget elementor-widget-button\" data-id=\"7298af9\" data-element_type=\"widget\" data-e-type=\"widget\" data-settings=\"{&quot;_animation&quot;:&quot;fadeInUp&quot;,&quot;_animation_delay&quot;:1000}\" data-widget_type=\"button.default\">\n\t\t\t\t\t\t\t\t\t\t<a class=\"elementor-button elementor-button-link elementor-size-sm elementor-animation-grow\" href=\"https:\/\/patagoniadrivers.com\/de\/contacto\/\">\n\t\t\t\t\t\t<span class=\"elementor-button-content-wrapper\">\n\t\t\t\t\t\t<span class=\"elementor-button-icon\">\n\t\t\t\t<svg aria-hidden=\"true\" class=\"e-font-icon-svg e-fas-comments\" viewbox=\"0 0 576 512\" xmlns=\"http:\/\/www.w3.org\/2000\/svg\"><path d=\"M416 192c0-88.4-93.1-160-208-160S0 103.6 0 192c0 34.3 14.1 65.9 38 92-13.4 30.2-35.5 54.2-35.8 54.5-2.2 2.3-2.8 5.7-1.5 8.7S4.8 352 8 352c36.6 0 66.9-12.3 88.7-25 32.2 15.7 70.3 25 111.3 25 114.9 0 208-71.6 208-160zm122 220c23.9-26 38-57.7 38-92 0-66.9-53.5-124.2-129.3-148.1.9 6.6 1.3 13.3 1.3 20.1 0 105.9-107.7 192-240 192-10.8 0-21.3-.8-31.7-1.9C207.8 439.6 281.8 480 368 480c41 0 79.1-9.2 111.3-25 21.8 12.7 52.1 25 88.7 25 3.2 0 6.1-1.9 7.3-4.8 1.3-2.9.7-6.3-1.5-8.7-.3-.3-22.4-24.2-35.8-54.5z\"><\/path><\/svg>\t\t\t<\/span>\n\t\t\t\t\t\t\t\t\t<span class=\"elementor-button-text\">Jetzt konsultieren!<\/span>\n\t\t\t\t\t<\/span>\n\t\t\t\t\t<\/a>\n\t\t\t\t\t\t\t\t<\/div>\n\t\t\t\t\t<\/div>\n\t\t<\/div>\n\t\t\t\t\t<\/div>\n\t\t<\/section>\n\t\t\t\t<\/div>","protected":false},"excerpt":{"rendered":"<p>Itinerarios Si todav\u00eda no decidiste c\u00f3mo descubrir la Patagonia, estos itinerarios sugeridos son un excelente punto de partida. Se trata de recorridos completos y cuidadosamente dise\u00f1ados, pensados para que puedas vivir la experiencia Patagonia a tu propio ritmo. Nuestros veh\u00edculos, pr\u00e1cticos y confortables, te permiten pernoctar en lugares \u00fanicos, rodeado de paisajes incre\u00edbles y con [&hellip;]<\/p>","protected":false},"author":1,"featured_media":0,"parent":0,"menu_order":0,"comment_status":"closed","ping_status":"closed","template":"","meta":{"_acf_changed":false,"footnotes":""},"class_list":["post-700","page","type-page","status-publish","hentry"],"acf":[],"yoast_head":"<!-- This site is optimized with the Yoast SEO plugin v26.9 - https:\/\/yoast.com\/product\/yoast-seo-wordpress\/ -->\n<title>Itinerarios - Patagonia Drivers<\/title>\n<meta name=\"robots\" content=\"index, follow, max-snippet:-1, max-image-preview:large, max-video-preview:-1\" \/>\n<link rel=\"canonical\" href=\"https:\/\/patagoniadrivers.com\/de\/itinerarios\/\" \/>\n<meta property=\"og:locale\" content=\"de_DE\" \/>\n<meta property=\"og:type\" content=\"article\" \/>\n<meta property=\"og:title\" content=\"Itinerarios - Patagonia Drivers\" \/>\n<meta property=\"og:description\" content=\"Itinerarios Si todav\u00eda no decidiste c\u00f3mo descubrir la Patagonia, estos itinerarios sugeridos son un excelente punto de partida. Se trata de recorridos completos y cuidadosamente dise\u00f1ados, pensados para que puedas vivir la experiencia Patagonia a tu propio ritmo. Nuestros veh\u00edculos, pr\u00e1cticos y confortables, te permiten pernoctar en lugares \u00fanicos, rodeado de paisajes incre\u00edbles y con [&hellip;]\" \/>\n<meta property=\"og:url\" content=\"https:\/\/patagoniadrivers.com\/de\/itinerarios\/\" \/>\n<meta property=\"og:site_name\" content=\"Patagonia Drivers\" \/>\n<meta property=\"article:modified_time\" content=\"2026-02-06T14:04:16+00:00\" \/>\n<meta name=\"twitter:card\" content=\"summary_large_image\" \/>\n<meta name=\"twitter:label1\" content=\"Gesch\u00e4tzte Lesezeit\" \/>\n\t<meta name=\"twitter:data1\" content=\"1\u00a0Minute\" \/>\n<script type=\"application\/ld+json\" class=\"yoast-schema-graph\">{\"@context\":\"https:\/\/schema.org\",\"@graph\":[{\"@type\":\"WebPage\",\"@id\":\"https:\/\/patagoniadrivers.com\/itinerarios\/\",\"url\":\"https:\/\/patagoniadrivers.com\/itinerarios\/\",\"name\":\"Itinerarios - Patagonia Drivers\",\"isPartOf\":{\"@id\":\"https:\/\/patagoniadrivers.com\/#website\"},\"datePublished\":\"2023-10-25T16:10:57+00:00\",\"dateModified\":\"2026-02-06T14:04:16+00:00\",\"breadcrumb\":{\"@id\":\"https:\/\/patagoniadrivers.com\/itinerarios\/#breadcrumb\"},\"inLanguage\":\"de\",\"potentialAction\":[{\"@type\":\"ReadAction\",\"target\":[\"https:\/\/patagoniadrivers.com\/itinerarios\/\"]}]},{\"@type\":\"BreadcrumbList\",\"@id\":\"https:\/\/patagoniadrivers.com\/itinerarios\/#breadcrumb\",\"itemListElement\":[{\"@type\":\"ListItem\",\"position\":1,\"name\":\"Portada\",\"item\":\"https:\/\/patagoniadrivers.com\/\"},{\"@type\":\"ListItem\",\"position\":2,\"name\":\"Itinerarios\"}]},{\"@type\":\"WebSite\",\"@id\":\"https:\/\/patagoniadrivers.com\/#website\",\"url\":\"https:\/\/patagoniadrivers.com\/\",\"name\":\"Patagonia Drivers\",\"description\":\"Somos la primer empresa de alquiler de campervan y motorhome de Ushuaia. Descubr\u00ed toda Patagonia argentina y chilena.\",\"potentialAction\":[{\"@type\":\"SearchAction\",\"target\":{\"@type\":\"EntryPoint\",\"urlTemplate\":\"https:\/\/patagoniadrivers.com\/?s={search_term_string}\"},\"query-input\":{\"@type\":\"PropertyValueSpecification\",\"valueRequired\":true,\"valueName\":\"search_term_string\"}}],\"inLanguage\":\"de\"}]}<\/script>\n<!-- \/ Yoast SEO plugin. -->","yoast_head_json":{"title":"Itinerarios - Patagonia Drivers","robots":{"index":"index","follow":"follow","max-snippet":"max-snippet:-1","max-image-preview":"max-image-preview:large","max-video-preview":"max-video-preview:-1"},"canonical":"https:\/\/patagoniadrivers.com\/de\/itinerarios\/","og_locale":"de_DE","og_type":"article","og_title":"Itinerarios - Patagonia Drivers","og_description":"Itinerarios Si todav\u00eda no decidiste c\u00f3mo descubrir la Patagonia, estos itinerarios sugeridos son un excelente punto de partida. Se trata de recorridos completos y cuidadosamente dise\u00f1ados, pensados para que puedas vivir la experiencia Patagonia a tu propio ritmo. Nuestros veh\u00edculos, pr\u00e1cticos y confortables, te permiten pernoctar en lugares \u00fanicos, rodeado de paisajes incre\u00edbles y con [&hellip;]","og_url":"https:\/\/patagoniadrivers.com\/de\/itinerarios\/","og_site_name":"Patagonia Drivers","article_modified_time":"2026-02-06T14:04:16+00:00","twitter_card":"summary_large_image","twitter_misc":{"Gesch\u00e4tzte Lesezeit":"1\u00a0Minute"},"schema":{"@context":"https:\/\/schema.org","@graph":[{"@type":"WebPage","@id":"https:\/\/patagoniadrivers.com\/itinerarios\/","url":"https:\/\/patagoniadrivers.com\/itinerarios\/","name":"Itinerarios - Patagonia Drivers","isPartOf":{"@id":"https:\/\/patagoniadrivers.com\/#website"},"datePublished":"2023-10-25T16:10:57+00:00","dateModified":"2026-02-06T14:04:16+00:00","breadcrumb":{"@id":"https:\/\/patagoniadrivers.com\/itinerarios\/#breadcrumb"},"inLanguage":"de","potentialAction":[{"@type":"ReadAction","target":["https:\/\/patagoniadrivers.com\/itinerarios\/"]}]},{"@type":"BreadcrumbList","@id":"https:\/\/patagoniadrivers.com\/itinerarios\/#breadcrumb","itemListElement":[{"@type":"ListItem","position":1,"name":"Portada","item":"https:\/\/patagoniadrivers.com\/"},{"@type":"ListItem","position":2,"name":"Itinerarios"}]},{"@type":"WebSite","@id":"https:\/\/patagoniadrivers.com\/#website","url":"https:\/\/patagoniadrivers.com\/","name":"Patagonia Drivers","description":"Somos la primer empresa de alquiler de campervan y motorhome de Ushuaia. Descubr\u00ed toda Patagonia argentina y chilena.","potentialAction":[{"@type":"SearchAction","target":{"@type":"EntryPoint","urlTemplate":"https:\/\/patagoniadrivers.com\/?s={search_term_string}"},"query-input":{"@type":"PropertyValueSpecification","valueRequired":true,"valueName":"search_term_string"}}],"inLanguage":"de"}]}},"_links":{"self":[{"href":"https:\/\/patagoniadrivers.com\/de\/wp-json\/wp\/v2\/pages\/700","targetHints":{"allow":["GET"]}}],"collection":[{"href":"https:\/\/patagoniadrivers.com\/de\/wp-json\/wp\/v2\/pages"}],"about":[{"href":"https:\/\/patagoniadrivers.com\/de\/wp-json\/wp\/v2\/types\/page"}],"author":[{"embeddable":true,"href":"https:\/\/patagoniadrivers.com\/de\/wp-json\/wp\/v2\/users\/1"}],"replies":[{"embeddable":true,"href":"https:\/\/patagoniadrivers.com\/de\/wp-json\/wp\/v2\/comments?post=700"}],"version-history":[{"count":40,"href":"https:\/\/patagoniadrivers.com\/de\/wp-json\/wp\/v2\/pages\/700\/revisions"}],"predecessor-version":[{"id":2037,"href":"https:\/\/patagoniadrivers.com\/de\/wp-json\/wp\/v2\/pages\/700\/revisions\/2037"}],"wp:attachment":[{"href":"https:\/\/patagoniadrivers.com\/de\/wp-json\/wp\/v2\/media?parent=700"}],"curies":[{"name":"wp","href":"https:\/\/api.w.org\/{rel}","templated":true}]}}