{"id":893,"date":"2023-10-30T14:27:54","date_gmt":"2023-10-30T17:27:54","guid":{"rendered":"https:\/\/patagoniadrivers.com\/?page_id=893"},"modified":"2026-04-30T14:05:48","modified_gmt":"2026-04-30T17:05:48","slug":"la-empresa","status":"publish","type":"page","link":"https:\/\/patagoniadrivers.com\/nl\/la-empresa\/","title":{"rendered":"Het bedrijf"},"content":{"rendered":"<div data-elementor-type=\"wp-page\" data-elementor-id=\"893\" class=\"elementor elementor-893\" data-elementor-settings=\"{&quot;ha_cmc_init_switcher&quot;:&quot;no&quot;}\" data-elementor-post-type=\"page\">\n\t\t\t\t\t\t<section class=\"elementor-section elementor-top-section elementor-element elementor-element-03f9083 elementor-section-height-min-height elementor-section-boxed elementor-section-height-default elementor-section-items-middle\" data-id=\"03f9083\" data-element_type=\"section\" data-e-type=\"section\" data-settings=\"{&quot;background_background&quot;:&quot;slideshow&quot;,&quot;background_slideshow_gallery&quot;:[{&quot;id&quot;:694,&quot;url&quot;:&quot;https:\\\/\\\/patagoniadrivers.com\\\/wp-content\\\/uploads\\\/2023\\\/10\\\/dsc_4048-pano1158x662.jpg&quot;},{&quot;id&quot;:691,&quot;url&quot;:&quot;https:\\\/\\\/patagoniadrivers.com\\\/wp-content\\\/uploads\\\/2023\\\/10\\\/dsc_3633-crop-u26863.jpg&quot;},{&quot;id&quot;:687,&quot;url&quot;:&quot;https:\\\/\\\/patagoniadrivers.com\\\/wp-content\\\/uploads\\\/2023\\\/10\\\/dji_0053-crop-u26185.jpg&quot;},{&quot;id&quot;:639,&quot;url&quot;:&quot;https:\\\/\\\/patagoniadrivers.com\\\/wp-content\\\/uploads\\\/2023\\\/10\\\/dji_0425-crop-u24939.jpg&quot;},{&quot;id&quot;:637,&quot;url&quot;:&quot;https:\\\/\\\/patagoniadrivers.com\\\/wp-content\\\/uploads\\\/2023\\\/10\\\/dji_0114-crop-u25528.jpg&quot;}],&quot;background_slideshow_ken_burns&quot;:&quot;yes&quot;,&quot;background_slideshow_loop&quot;:&quot;yes&quot;,&quot;background_slideshow_slide_duration&quot;:5000,&quot;background_slideshow_slide_transition&quot;:&quot;fade&quot;,&quot;background_slideshow_transition_duration&quot;:500,&quot;background_slideshow_ken_burns_zoom_direction&quot;:&quot;in&quot;,&quot;_ha_eqh_enable&quot;:false}\">\n\t\t\t\t\t\t\t<div class=\"elementor-background-overlay\"><\/div>\n\t\t\t\t\t\t\t<div class=\"elementor-container elementor-column-gap-default\">\n\t\t\t\t\t<div class=\"elementor-column elementor-col-100 elementor-top-column elementor-element elementor-element-7964d83\" data-id=\"7964d83\" data-element_type=\"column\" data-e-type=\"column\">\n\t\t\t<div class=\"elementor-widget-wrap elementor-element-populated\">\n\t\t\t\t\t\t<div class=\"elementor-element elementor-element-2d06f8a elementor-invisible elementor-widget elementor-widget-heading\" data-id=\"2d06f8a\" data-element_type=\"widget\" data-e-type=\"widget\" data-settings=\"{&quot;_animation&quot;:&quot;zoomIn&quot;}\" data-widget_type=\"heading.default\">\n\t\t\t\t\t<h2 class=\"elementor-heading-title elementor-size-default\">Het bedrijf<\/h2>\t\t\t\t<\/div>\n\t\t\t\t\t<\/div>\n\t\t<\/div>\n\t\t\t\t\t<\/div>\n\t\t<\/section>\n\t\t\t\t<section class=\"elementor-section elementor-top-section elementor-element elementor-element-e3638ed elementor-section-boxed elementor-section-height-default elementor-section-height-default\" data-id=\"e3638ed\" data-element_type=\"section\" data-e-type=\"section\" data-settings=\"{&quot;background_background&quot;:&quot;classic&quot;,&quot;_ha_eqh_enable&quot;:false}\">\n\t\t\t\t\t\t<div class=\"elementor-container elementor-column-gap-default\">\n\t\t\t\t\t<div class=\"elementor-column elementor-col-50 elementor-top-column elementor-element elementor-element-0789619\" data-id=\"0789619\" data-element_type=\"column\" data-e-type=\"column\">\n\t\t\t<div class=\"elementor-widget-wrap elementor-element-populated\">\n\t\t\t\t\t\t<div class=\"elementor-element elementor-element-1e0b2df elementor-invisible elementor-widget elementor-widget-heading\" data-id=\"1e0b2df\" data-element_type=\"widget\" data-e-type=\"widget\" data-settings=\"{&quot;_animation&quot;:&quot;slideInDown&quot;}\" data-widget_type=\"heading.default\">\n\t\t\t\t\t<h5 class=\"elementor-heading-title elementor-size-default\">Wie zijn wij?<\/h5>\t\t\t\t<\/div>\n\t\t\t\t<div class=\"elementor-element elementor-element-81a168f elementor-invisible elementor-widget elementor-widget-text-editor\" data-id=\"81a168f\" data-element_type=\"widget\" data-e-type=\"widget\" data-settings=\"{&quot;_animation&quot;:&quot;slideInUp&quot;}\" data-widget_type=\"text-editor.default\">\n\t\t\t\t\t\t\t\t\t<p><strong>Ervaar de vrijheid van een unieke roadtrip door Patagoni\u00eb.\u00a0<\/strong><\/p><p><span style=\"font-weight: 400;\">Somos una empresa local especializada en la planificaci\u00f3n de roadtrips personalizados por Patagonia Sur en camper truck y camper van.<\/span><\/p><p><span style=\"font-weight: 400;\">Voor elk avontuur hebben we een selectie van onze eigen voertuigen en die van vertrouwde leveranciers, zorgvuldig gekozen om je comfort en veiligheid te garanderen, elke kilometer van de weg.<\/span><\/p><p><span style=\"font-weight: 400;\">Nuestros itinerarios son dise\u00f1ados por expertos locales que adaptan cada detalle a tus necesidades.<\/span><span style=\"font-weight: 400;\"><br \/><\/span><span style=\"font-weight: 400;\">Een avontuur op maat, nauwkeurig gepland zodat je gewoon kunt genieten.<\/span><\/p><p><span style=\"font-weight: 400;\">Vanuit Ushuaia begeleiden we je voortdurend met persoonlijke aandacht, exclusieve aanbevelingen en alle logistiek die nodig is om het beste van Patagoni\u00eb in je eigen tempo te ontdekken.<br \/><\/span><\/p><p><strong>Mart\u00edn Mella \u2014 Fundador &amp; Adventure Manager Leader<br \/><br \/><\/strong>En Patagonia Drivers creemos que la mejor forma de dise\u00f1ar experiencias aut\u00e9nticas es vivirlas en primera persona.<br \/>Por eso, nuestro equipo de Adventure Managers est\u00e1 formado por personas apasionadas por la Patagonia: exploradores, viajeros y anfitriones que recorren constantemente la regi\u00f3n en busca de nuevas rutas, lugares y vivencias para compartir con nuestros pasajeros.<\/p><p>Como fundador y l\u00edder del equipo, mi rol es guiar y supervisar cada detalle de nuestras experiencias para asegurar que reflejen la esencia de nuestra empresa: la libertad, la conexi\u00f3n con la naturaleza y la autenticidad del viaje patag\u00f3nico.<br \/>Desde Ushuaia &#8211; el punto m\u00e1s austral del continente -, trabajamos d\u00eda a d\u00eda para ofrecer aventuras seguras, personalizadas y profundamente genuinas.<\/p><p>Porque en Patagonia Drivers, m\u00e1s que alquilar un veh\u00edculo, te acompa\u00f1amos a vivir la Patagonia como la vivimos nosotros: con esp\u00edritu aventurero y respeto por su tierra.<\/p>\t\t\t\t\t\t\t\t<\/div>\n\t\t\t\t<div class=\"elementor-element elementor-element-0aa7b5e elementor-align-left elementor-mobile-align-center elementor-invisible elementor-widget elementor-widget-button\" data-id=\"0aa7b5e\" data-element_type=\"widget\" data-e-type=\"widget\" data-settings=\"{&quot;_animation&quot;:&quot;zoomIn&quot;}\" data-widget_type=\"button.default\">\n\t\t\t\t\t\t\t\t\t\t<a class=\"elementor-button elementor-button-link elementor-size-sm elementor-animation-hang\" href=\"https:\/\/patagoniadrivers.com\/nl\/#vehiculos\">\n\t\t\t\t\t\t<span class=\"elementor-button-content-wrapper\">\n\t\t\t\t\t\t<span class=\"elementor-button-icon\">\n\t\t\t\t<i aria-hidden=\"true\" class=\"icon icon-right-arrow\"><\/i>\t\t\t<\/span>\n\t\t\t\t\t\t\t\t\t<span class=\"elementor-button-text\"> Maak kennis met onze voertuigen<\/span>\n\t\t\t\t\t<\/span>\n\t\t\t\t\t<\/a>\n\t\t\t\t\t\t\t\t<\/div>\n\t\t\t\t\t<\/div>\n\t\t<\/div>\n\t\t\t\t<div class=\"elementor-column elementor-col-50 elementor-top-column elementor-element elementor-element-d52218b elementor-invisible\" data-id=\"d52218b\" data-element_type=\"column\" data-e-type=\"column\" data-settings=\"{&quot;animation&quot;:&quot;slideInUp&quot;,&quot;background_background&quot;:&quot;slideshow&quot;,&quot;background_slideshow_gallery&quot;:[{&quot;id&quot;:446,&quot;url&quot;:&quot;https:\\\/\\\/patagoniadrivers.com\\\/wp-content\\\/uploads\\\/2023\\\/10\\\/21.jpg&quot;},{&quot;id&quot;:370,&quot;url&quot;:&quot;https:\\\/\\\/patagoniadrivers.com\\\/wp-content\\\/uploads\\\/2023\\\/10\\\/Patagonian-Sprinter.jpg&quot;},{&quot;id&quot;:329,&quot;url&quot;:&quot;https:\\\/\\\/patagoniadrivers.com\\\/wp-content\\\/uploads\\\/2023\\\/10\\\/DSC_5395.jpg&quot;},{&quot;id&quot;:312,&quot;url&quot;:&quot;https:\\\/\\\/patagoniadrivers.com\\\/wp-content\\\/uploads\\\/2023\\\/10\\\/DSC_5280.jpg&quot;},{&quot;id&quot;:432,&quot;url&quot;:&quot;https:\\\/\\\/patagoniadrivers.com\\\/wp-content\\\/uploads\\\/2023\\\/10\\\/7-1.jpg&quot;}],&quot;background_slideshow_ken_burns&quot;:&quot;yes&quot;,&quot;background_slideshow_loop&quot;:&quot;yes&quot;,&quot;background_slideshow_slide_duration&quot;:5000,&quot;background_slideshow_slide_transition&quot;:&quot;fade&quot;,&quot;background_slideshow_transition_duration&quot;:500,&quot;background_slideshow_ken_burns_zoom_direction&quot;:&quot;in&quot;}\">\n\t\t\t<div class=\"elementor-widget-wrap elementor-element-populated\">\n\t\t\t\t\t\t<div class=\"elementor-element elementor-element-f723079 elementor-widget elementor-widget-spacer\" data-id=\"f723079\" data-element_type=\"widget\" data-e-type=\"widget\" data-widget_type=\"spacer.default\">\n\t\t\t\t\t\t\t<div class=\"elementor-spacer\">\n\t\t\t<div class=\"elementor-spacer-inner\"><\/div>\n\t\t<\/div>\n\t\t\t\t\t\t<\/div>\n\t\t\t\t\t<\/div>\n\t\t<\/div>\n\t\t\t\t\t<\/div>\n\t\t<\/section>\n\t\t\t\t<\/div>","protected":false},"excerpt":{"rendered":"<p>La Empresa Quienes somos? Viv\u00ed la libertad de un road trip \u00fanico por Patagonia.\u00a0 Somos una empresa local especializada en la planificaci\u00f3n de roadtrips personalizados por Patagonia Sur en camper truck y camper van. Para cada aventura, contamos con una selecci\u00f3n de veh\u00edculos propios y de proveedores de confianza, cuidadosamente elegidos para garantizar tu comodidad [&hellip;]<\/p>","protected":false},"author":1,"featured_media":0,"parent":0,"menu_order":0,"comment_status":"closed","ping_status":"closed","template":"","meta":{"_acf_changed":false,"footnotes":""},"class_list":["post-893","page","type-page","status-publish","hentry"],"acf":[],"yoast_head":"<!-- This site is optimized with the Yoast SEO plugin v26.9 - https:\/\/yoast.com\/product\/yoast-seo-wordpress\/ -->\n<title>La Empresa - Patagonia Drivers<\/title>\n<meta name=\"robots\" content=\"index, follow, max-snippet:-1, max-image-preview:large, max-video-preview:-1\" \/>\n<link rel=\"canonical\" href=\"https:\/\/patagoniadrivers.com\/nl\/la-empresa\/\" \/>\n<meta property=\"og:locale\" content=\"nl_NL\" \/>\n<meta property=\"og:type\" content=\"article\" \/>\n<meta property=\"og:title\" content=\"La Empresa - Patagonia Drivers\" \/>\n<meta property=\"og:description\" content=\"La Empresa Quienes somos? Viv\u00ed la libertad de un road trip \u00fanico por Patagonia.\u00a0 Somos una empresa local especializada en la planificaci\u00f3n de roadtrips personalizados por Patagonia Sur en camper truck y camper van. Para cada aventura, contamos con una selecci\u00f3n de veh\u00edculos propios y de proveedores de confianza, cuidadosamente elegidos para garantizar tu comodidad [&hellip;]\" \/>\n<meta property=\"og:url\" content=\"https:\/\/patagoniadrivers.com\/nl\/la-empresa\/\" \/>\n<meta property=\"og:site_name\" content=\"Patagonia Drivers\" \/>\n<meta property=\"article:modified_time\" content=\"2026-04-30T17:05:48+00:00\" \/>\n<meta name=\"twitter:card\" content=\"summary_large_image\" \/>\n<meta name=\"twitter:label1\" content=\"Geschatte leestijd\" \/>\n\t<meta name=\"twitter:data1\" content=\"2 minuten\" \/>\n<script type=\"application\/ld+json\" class=\"yoast-schema-graph\">{\"@context\":\"https:\/\/schema.org\",\"@graph\":[{\"@type\":\"WebPage\",\"@id\":\"https:\/\/patagoniadrivers.com\/la-empresa\/\",\"url\":\"https:\/\/patagoniadrivers.com\/la-empresa\/\",\"name\":\"La Empresa - Patagonia Drivers\",\"isPartOf\":{\"@id\":\"https:\/\/patagoniadrivers.com\/#website\"},\"datePublished\":\"2023-10-30T17:27:54+00:00\",\"dateModified\":\"2026-04-30T17:05:48+00:00\",\"breadcrumb\":{\"@id\":\"https:\/\/patagoniadrivers.com\/la-empresa\/#breadcrumb\"},\"inLanguage\":\"nl-NL\",\"potentialAction\":[{\"@type\":\"ReadAction\",\"target\":[\"https:\/\/patagoniadrivers.com\/la-empresa\/\"]}]},{\"@type\":\"BreadcrumbList\",\"@id\":\"https:\/\/patagoniadrivers.com\/la-empresa\/#breadcrumb\",\"itemListElement\":[{\"@type\":\"ListItem\",\"position\":1,\"name\":\"Portada\",\"item\":\"https:\/\/patagoniadrivers.com\/\"},{\"@type\":\"ListItem\",\"position\":2,\"name\":\"La Empresa\"}]},{\"@type\":\"WebSite\",\"@id\":\"https:\/\/patagoniadrivers.com\/#website\",\"url\":\"https:\/\/patagoniadrivers.com\/\",\"name\":\"Patagonia Drivers\",\"description\":\"Somos la primer empresa de alquiler de campervan y motorhome de Ushuaia. Descubr\u00ed toda Patagonia argentina y chilena.\",\"potentialAction\":[{\"@type\":\"SearchAction\",\"target\":{\"@type\":\"EntryPoint\",\"urlTemplate\":\"https:\/\/patagoniadrivers.com\/?s={search_term_string}\"},\"query-input\":{\"@type\":\"PropertyValueSpecification\",\"valueRequired\":true,\"valueName\":\"search_term_string\"}}],\"inLanguage\":\"nl-NL\"}]}<\/script>\n<!-- \/ Yoast SEO plugin. -->","yoast_head_json":{"title":"La Empresa - Patagonia Drivers","robots":{"index":"index","follow":"follow","max-snippet":"max-snippet:-1","max-image-preview":"max-image-preview:large","max-video-preview":"max-video-preview:-1"},"canonical":"https:\/\/patagoniadrivers.com\/nl\/la-empresa\/","og_locale":"nl_NL","og_type":"article","og_title":"La Empresa - Patagonia Drivers","og_description":"La Empresa Quienes somos? Viv\u00ed la libertad de un road trip \u00fanico por Patagonia.\u00a0 Somos una empresa local especializada en la planificaci\u00f3n de roadtrips personalizados por Patagonia Sur en camper truck y camper van. Para cada aventura, contamos con una selecci\u00f3n de veh\u00edculos propios y de proveedores de confianza, cuidadosamente elegidos para garantizar tu comodidad [&hellip;]","og_url":"https:\/\/patagoniadrivers.com\/nl\/la-empresa\/","og_site_name":"Patagonia Drivers","article_modified_time":"2026-04-30T17:05:48+00:00","twitter_card":"summary_large_image","twitter_misc":{"Geschatte leestijd":"2 minuten"},"schema":{"@context":"https:\/\/schema.org","@graph":[{"@type":"WebPage","@id":"https:\/\/patagoniadrivers.com\/la-empresa\/","url":"https:\/\/patagoniadrivers.com\/la-empresa\/","name":"La Empresa - Patagonia Drivers","isPartOf":{"@id":"https:\/\/patagoniadrivers.com\/#website"},"datePublished":"2023-10-30T17:27:54+00:00","dateModified":"2026-04-30T17:05:48+00:00","breadcrumb":{"@id":"https:\/\/patagoniadrivers.com\/la-empresa\/#breadcrumb"},"inLanguage":"nl-NL","potentialAction":[{"@type":"ReadAction","target":["https:\/\/patagoniadrivers.com\/la-empresa\/"]}]},{"@type":"BreadcrumbList","@id":"https:\/\/patagoniadrivers.com\/la-empresa\/#breadcrumb","itemListElement":[{"@type":"ListItem","position":1,"name":"Portada","item":"https:\/\/patagoniadrivers.com\/"},{"@type":"ListItem","position":2,"name":"La Empresa"}]},{"@type":"WebSite","@id":"https:\/\/patagoniadrivers.com\/#website","url":"https:\/\/patagoniadrivers.com\/","name":"Patagonia Drivers","description":"Somos la primer empresa de alquiler de campervan y motorhome de Ushuaia. Descubr\u00ed toda Patagonia argentina y chilena.","potentialAction":[{"@type":"SearchAction","target":{"@type":"EntryPoint","urlTemplate":"https:\/\/patagoniadrivers.com\/?s={search_term_string}"},"query-input":{"@type":"PropertyValueSpecification","valueRequired":true,"valueName":"search_term_string"}}],"inLanguage":"nl-NL"}]}},"_links":{"self":[{"href":"https:\/\/patagoniadrivers.com\/nl\/wp-json\/wp\/v2\/pages\/893","targetHints":{"allow":["GET"]}}],"collection":[{"href":"https:\/\/patagoniadrivers.com\/nl\/wp-json\/wp\/v2\/pages"}],"about":[{"href":"https:\/\/patagoniadrivers.com\/nl\/wp-json\/wp\/v2\/types\/page"}],"author":[{"embeddable":true,"href":"https:\/\/patagoniadrivers.com\/nl\/wp-json\/wp\/v2\/users\/1"}],"replies":[{"embeddable":true,"href":"https:\/\/patagoniadrivers.com\/nl\/wp-json\/wp\/v2\/comments?post=893"}],"version-history":[{"count":34,"href":"https:\/\/patagoniadrivers.com\/nl\/wp-json\/wp\/v2\/pages\/893\/revisions"}],"predecessor-version":[{"id":2115,"href":"https:\/\/patagoniadrivers.com\/nl\/wp-json\/wp\/v2\/pages\/893\/revisions\/2115"}],"wp:attachment":[{"href":"https:\/\/patagoniadrivers.com\/nl\/wp-json\/wp\/v2\/media?parent=893"}],"curies":[{"name":"wp","href":"https:\/\/api.w.org\/{rel}","templated":true}]}}