{"id":893,"date":"2023-10-30T14:27:54","date_gmt":"2023-10-30T17:27:54","guid":{"rendered":"https:\/\/patagoniadrivers.com\/?page_id=893"},"modified":"2025-08-05T12:10:56","modified_gmt":"2025-08-05T15:10:56","slug":"la-empresa","status":"publish","type":"page","link":"https:\/\/patagoniadrivers.com\/pt\/la-empresa\/","title":{"rendered":"A empresa"},"content":{"rendered":"<div data-elementor-type=\"wp-page\" data-elementor-id=\"893\" class=\"elementor elementor-893\" data-elementor-settings=\"{&quot;ha_cmc_init_switcher&quot;:&quot;no&quot;}\" data-elementor-post-type=\"page\">\n\t\t\t\t\t\t<section class=\"elementor-section elementor-top-section elementor-element elementor-element-03f9083 elementor-section-height-min-height elementor-section-boxed elementor-section-height-default elementor-section-items-middle\" data-id=\"03f9083\" data-element_type=\"section\" data-e-type=\"section\" data-settings=\"{&quot;background_background&quot;:&quot;slideshow&quot;,&quot;background_slideshow_gallery&quot;:[{&quot;id&quot;:694,&quot;url&quot;:&quot;https:\\\/\\\/patagoniadrivers.com\\\/wp-content\\\/uploads\\\/2023\\\/10\\\/dsc_4048-pano1158x662.jpg&quot;},{&quot;id&quot;:691,&quot;url&quot;:&quot;https:\\\/\\\/patagoniadrivers.com\\\/wp-content\\\/uploads\\\/2023\\\/10\\\/dsc_3633-crop-u26863.jpg&quot;},{&quot;id&quot;:687,&quot;url&quot;:&quot;https:\\\/\\\/patagoniadrivers.com\\\/wp-content\\\/uploads\\\/2023\\\/10\\\/dji_0053-crop-u26185.jpg&quot;},{&quot;id&quot;:639,&quot;url&quot;:&quot;https:\\\/\\\/patagoniadrivers.com\\\/wp-content\\\/uploads\\\/2023\\\/10\\\/dji_0425-crop-u24939.jpg&quot;},{&quot;id&quot;:637,&quot;url&quot;:&quot;https:\\\/\\\/patagoniadrivers.com\\\/wp-content\\\/uploads\\\/2023\\\/10\\\/dji_0114-crop-u25528.jpg&quot;}],&quot;background_slideshow_ken_burns&quot;:&quot;yes&quot;,&quot;background_slideshow_loop&quot;:&quot;yes&quot;,&quot;background_slideshow_slide_duration&quot;:5000,&quot;background_slideshow_slide_transition&quot;:&quot;fade&quot;,&quot;background_slideshow_transition_duration&quot;:500,&quot;background_slideshow_ken_burns_zoom_direction&quot;:&quot;in&quot;,&quot;_ha_eqh_enable&quot;:false}\">\n\t\t\t\t\t\t\t<div class=\"elementor-background-overlay\"><\/div>\n\t\t\t\t\t\t\t<div class=\"elementor-container elementor-column-gap-default\">\n\t\t\t\t\t<div class=\"elementor-column elementor-col-100 elementor-top-column elementor-element elementor-element-7964d83\" data-id=\"7964d83\" data-element_type=\"column\" data-e-type=\"column\">\n\t\t\t<div class=\"elementor-widget-wrap elementor-element-populated\">\n\t\t\t\t\t\t<div class=\"elementor-element elementor-element-2d06f8a elementor-invisible elementor-widget elementor-widget-heading\" data-id=\"2d06f8a\" data-element_type=\"widget\" data-e-type=\"widget\" data-settings=\"{&quot;_animation&quot;:&quot;zoomIn&quot;}\" data-widget_type=\"heading.default\">\n\t\t\t\t\t<h2 class=\"elementor-heading-title elementor-size-default\">A empresa<\/h2>\t\t\t\t<\/div>\n\t\t\t\t\t<\/div>\n\t\t<\/div>\n\t\t\t\t\t<\/div>\n\t\t<\/section>\n\t\t\t\t<section class=\"elementor-section elementor-top-section elementor-element elementor-element-e3638ed elementor-section-boxed elementor-section-height-default elementor-section-height-default\" data-id=\"e3638ed\" data-element_type=\"section\" data-e-type=\"section\" data-settings=\"{&quot;background_background&quot;:&quot;classic&quot;,&quot;_ha_eqh_enable&quot;:false}\">\n\t\t\t\t\t\t<div class=\"elementor-container elementor-column-gap-default\">\n\t\t\t\t\t<div class=\"elementor-column elementor-col-50 elementor-top-column elementor-element elementor-element-0789619\" data-id=\"0789619\" data-element_type=\"column\" data-e-type=\"column\">\n\t\t\t<div class=\"elementor-widget-wrap elementor-element-populated\">\n\t\t\t\t\t\t<div class=\"elementor-element elementor-element-1e0b2df elementor-invisible elementor-widget elementor-widget-heading\" data-id=\"1e0b2df\" data-element_type=\"widget\" data-e-type=\"widget\" data-settings=\"{&quot;_animation&quot;:&quot;slideInDown&quot;}\" data-widget_type=\"heading.default\">\n\t\t\t\t\t<h5 class=\"elementor-heading-title elementor-size-default\">Quem somos n\u00f3s?<\/h5>\t\t\t\t<\/div>\n\t\t\t\t<div class=\"elementor-element elementor-element-81a168f elementor-invisible elementor-widget elementor-widget-text-editor\" data-id=\"81a168f\" data-element_type=\"widget\" data-e-type=\"widget\" data-settings=\"{&quot;_animation&quot;:&quot;slideInUp&quot;}\" data-widget_type=\"text-editor.default\">\n\t\t\t\t\t\t\t\t\t<p><strong>Experimente a liberdade de uma viagem rodovi\u00e1ria \u00fanica pela Patag\u00f4nia.\u00a0<\/strong><\/p><p><span style=\"font-weight: 400;\">Somos uma empresa local especializada no planejamento de viagens rodovi\u00e1rias personalizadas pelo sul da Patag\u00f4nia em caminhonetes e ve\u00edculos de camping.\u00a0<\/span><\/p><p><span style=\"font-weight: 400;\">Para cada aventura, temos uma sele\u00e7\u00e3o de ve\u00edculos pr\u00f3prios e de fornecedores confi\u00e1veis, cuidadosamente escolhidos para garantir seu conforto e seguran\u00e7a a cada quil\u00f4metro do caminho.<\/span><\/p><p><span style=\"font-weight: 400;\">Nossos itiner\u00e1rios s\u00e3o elaborados por especialistas locais (gerentes de aventura) que adaptam cada detalhe \u00e0s suas necessidades.<\/span><span style=\"font-weight: 400;\"><br \/><\/span><span style=\"font-weight: 400;\">Uma aventura sob medida planejada com precis\u00e3o para que voc\u00ea possa se divertir.<\/span><\/p><p><span style=\"font-weight: 400;\">De Ushuaia, n\u00f3s o acompanhamos em todos os momentos com aten\u00e7\u00e3o personalizada, recomenda\u00e7\u00f5es exclusivas e toda a log\u00edstica necess\u00e1ria para que voc\u00ea descubra o melhor da Patag\u00f4nia no seu pr\u00f3prio ritmo.<\/span><\/p>\t\t\t\t\t\t\t\t<\/div>\n\t\t\t\t<div class=\"elementor-element elementor-element-0aa7b5e elementor-align-left elementor-mobile-align-center elementor-invisible elementor-widget elementor-widget-button\" data-id=\"0aa7b5e\" data-element_type=\"widget\" data-e-type=\"widget\" data-settings=\"{&quot;_animation&quot;:&quot;zoomIn&quot;}\" data-widget_type=\"button.default\">\n\t\t\t\t\t\t\t\t\t\t<a class=\"elementor-button elementor-button-link elementor-size-sm elementor-animation-hang\" href=\"https:\/\/patagoniadrivers.com\/pt\/#vehiculos\">\n\t\t\t\t\t\t<span class=\"elementor-button-content-wrapper\">\n\t\t\t\t\t\t<span class=\"elementor-button-icon\">\n\t\t\t\t<i aria-hidden=\"true\" class=\"icon icon-right-arrow\"><\/i>\t\t\t<\/span>\n\t\t\t\t\t\t\t\t\t<span class=\"elementor-button-text\"> Conhe\u00e7a nossos ve\u00edculos<\/span>\n\t\t\t\t\t<\/span>\n\t\t\t\t\t<\/a>\n\t\t\t\t\t\t\t\t<\/div>\n\t\t\t\t\t<\/div>\n\t\t<\/div>\n\t\t\t\t<div class=\"elementor-column elementor-col-50 elementor-top-column elementor-element elementor-element-d52218b elementor-invisible\" data-id=\"d52218b\" data-element_type=\"column\" data-e-type=\"column\" data-settings=\"{&quot;animation&quot;:&quot;slideInUp&quot;,&quot;background_background&quot;:&quot;slideshow&quot;,&quot;background_slideshow_gallery&quot;:[{&quot;id&quot;:446,&quot;url&quot;:&quot;https:\\\/\\\/patagoniadrivers.com\\\/wp-content\\\/uploads\\\/2023\\\/10\\\/21.jpg&quot;},{&quot;id&quot;:370,&quot;url&quot;:&quot;https:\\\/\\\/patagoniadrivers.com\\\/wp-content\\\/uploads\\\/2023\\\/10\\\/Patagonian-Sprinter.jpg&quot;},{&quot;id&quot;:329,&quot;url&quot;:&quot;https:\\\/\\\/patagoniadrivers.com\\\/wp-content\\\/uploads\\\/2023\\\/10\\\/DSC_5395.jpg&quot;},{&quot;id&quot;:312,&quot;url&quot;:&quot;https:\\\/\\\/patagoniadrivers.com\\\/wp-content\\\/uploads\\\/2023\\\/10\\\/DSC_5280.jpg&quot;},{&quot;id&quot;:432,&quot;url&quot;:&quot;https:\\\/\\\/patagoniadrivers.com\\\/wp-content\\\/uploads\\\/2023\\\/10\\\/7-1.jpg&quot;}],&quot;background_slideshow_ken_burns&quot;:&quot;yes&quot;,&quot;background_slideshow_loop&quot;:&quot;yes&quot;,&quot;background_slideshow_slide_duration&quot;:5000,&quot;background_slideshow_slide_transition&quot;:&quot;fade&quot;,&quot;background_slideshow_transition_duration&quot;:500,&quot;background_slideshow_ken_burns_zoom_direction&quot;:&quot;in&quot;}\">\n\t\t\t<div class=\"elementor-widget-wrap elementor-element-populated\">\n\t\t\t\t\t\t<div class=\"elementor-element elementor-element-f723079 elementor-widget elementor-widget-spacer\" data-id=\"f723079\" data-element_type=\"widget\" data-e-type=\"widget\" data-widget_type=\"spacer.default\">\n\t\t\t\t\t\t\t<div class=\"elementor-spacer\">\n\t\t\t<div class=\"elementor-spacer-inner\"><\/div>\n\t\t<\/div>\n\t\t\t\t\t\t<\/div>\n\t\t\t\t\t<\/div>\n\t\t<\/div>\n\t\t\t\t\t<\/div>\n\t\t<\/section>\n\t\t\t\t<\/div>","protected":false},"excerpt":{"rendered":"<p>La Empresa Quienes somos? Viv\u00ed la libertad de un road trip \u00fanico por Patagonia.\u00a0 Somos una empresa local especializada en la planificaci\u00f3n de roadtrips personalizados por Patagonia Sur en camper trucks y veh\u00edculos de acampe.\u00a0 Para cada aventura, contamos con una selecci\u00f3n de veh\u00edculos propios y de proveedores de confianza, cuidadosamente elegidos para garantizar tu [&hellip;]<\/p>","protected":false},"author":1,"featured_media":0,"parent":0,"menu_order":0,"comment_status":"closed","ping_status":"closed","template":"","meta":{"_acf_changed":false,"footnotes":""},"class_list":["post-893","page","type-page","status-publish","hentry"],"acf":[],"yoast_head":"<!-- This site is optimized with the Yoast SEO plugin v26.9 - https:\/\/yoast.com\/product\/yoast-seo-wordpress\/ -->\n<title>La Empresa - Patagonia Drivers<\/title>\n<meta name=\"robots\" content=\"index, follow, max-snippet:-1, max-image-preview:large, max-video-preview:-1\" \/>\n<link rel=\"canonical\" href=\"https:\/\/patagoniadrivers.com\/pt\/la-empresa\/\" \/>\n<meta property=\"og:locale\" content=\"pt_BR\" \/>\n<meta property=\"og:type\" content=\"article\" \/>\n<meta property=\"og:title\" content=\"La Empresa - Patagonia Drivers\" \/>\n<meta property=\"og:description\" content=\"La Empresa Quienes somos? Viv\u00ed la libertad de un road trip \u00fanico por Patagonia.\u00a0 Somos una empresa local especializada en la planificaci\u00f3n de roadtrips personalizados por Patagonia Sur en camper trucks y veh\u00edculos de acampe.\u00a0 Para cada aventura, contamos con una selecci\u00f3n de veh\u00edculos propios y de proveedores de confianza, cuidadosamente elegidos para garantizar tu [&hellip;]\" \/>\n<meta property=\"og:url\" content=\"https:\/\/patagoniadrivers.com\/pt\/la-empresa\/\" \/>\n<meta property=\"og:site_name\" content=\"Patagonia Drivers\" \/>\n<meta property=\"article:modified_time\" content=\"2025-08-05T15:10:56+00:00\" \/>\n<meta name=\"twitter:card\" content=\"summary_large_image\" \/>\n<meta name=\"twitter:label1\" content=\"Est. tempo de leitura\" \/>\n\t<meta name=\"twitter:data1\" content=\"1 minuto\" \/>\n<script type=\"application\/ld+json\" class=\"yoast-schema-graph\">{\"@context\":\"https:\/\/schema.org\",\"@graph\":[{\"@type\":\"WebPage\",\"@id\":\"https:\/\/patagoniadrivers.com\/la-empresa\/\",\"url\":\"https:\/\/patagoniadrivers.com\/la-empresa\/\",\"name\":\"La Empresa - Patagonia Drivers\",\"isPartOf\":{\"@id\":\"https:\/\/patagoniadrivers.com\/#website\"},\"datePublished\":\"2023-10-30T17:27:54+00:00\",\"dateModified\":\"2025-08-05T15:10:56+00:00\",\"breadcrumb\":{\"@id\":\"https:\/\/patagoniadrivers.com\/la-empresa\/#breadcrumb\"},\"inLanguage\":\"pt-BR\",\"potentialAction\":[{\"@type\":\"ReadAction\",\"target\":[\"https:\/\/patagoniadrivers.com\/la-empresa\/\"]}]},{\"@type\":\"BreadcrumbList\",\"@id\":\"https:\/\/patagoniadrivers.com\/la-empresa\/#breadcrumb\",\"itemListElement\":[{\"@type\":\"ListItem\",\"position\":1,\"name\":\"Portada\",\"item\":\"https:\/\/patagoniadrivers.com\/\"},{\"@type\":\"ListItem\",\"position\":2,\"name\":\"La Empresa\"}]},{\"@type\":\"WebSite\",\"@id\":\"https:\/\/patagoniadrivers.com\/#website\",\"url\":\"https:\/\/patagoniadrivers.com\/\",\"name\":\"Patagonia Drivers\",\"description\":\"Somos la primer empresa de alquiler de campervan y motorhome de Ushuaia. Descubr\u00ed toda Patagonia argentina y chilena.\",\"potentialAction\":[{\"@type\":\"SearchAction\",\"target\":{\"@type\":\"EntryPoint\",\"urlTemplate\":\"https:\/\/patagoniadrivers.com\/?s={search_term_string}\"},\"query-input\":{\"@type\":\"PropertyValueSpecification\",\"valueRequired\":true,\"valueName\":\"search_term_string\"}}],\"inLanguage\":\"pt-BR\"}]}<\/script>\n<!-- \/ Yoast SEO plugin. -->","yoast_head_json":{"title":"La Empresa - Patagonia Drivers","robots":{"index":"index","follow":"follow","max-snippet":"max-snippet:-1","max-image-preview":"max-image-preview:large","max-video-preview":"max-video-preview:-1"},"canonical":"https:\/\/patagoniadrivers.com\/pt\/la-empresa\/","og_locale":"pt_BR","og_type":"article","og_title":"La Empresa - Patagonia Drivers","og_description":"La Empresa Quienes somos? Viv\u00ed la libertad de un road trip \u00fanico por Patagonia.\u00a0 Somos una empresa local especializada en la planificaci\u00f3n de roadtrips personalizados por Patagonia Sur en camper trucks y veh\u00edculos de acampe.\u00a0 Para cada aventura, contamos con una selecci\u00f3n de veh\u00edculos propios y de proveedores de confianza, cuidadosamente elegidos para garantizar tu [&hellip;]","og_url":"https:\/\/patagoniadrivers.com\/pt\/la-empresa\/","og_site_name":"Patagonia Drivers","article_modified_time":"2025-08-05T15:10:56+00:00","twitter_card":"summary_large_image","twitter_misc":{"Est. tempo de leitura":"1 minuto"},"schema":{"@context":"https:\/\/schema.org","@graph":[{"@type":"WebPage","@id":"https:\/\/patagoniadrivers.com\/la-empresa\/","url":"https:\/\/patagoniadrivers.com\/la-empresa\/","name":"La Empresa - Patagonia Drivers","isPartOf":{"@id":"https:\/\/patagoniadrivers.com\/#website"},"datePublished":"2023-10-30T17:27:54+00:00","dateModified":"2025-08-05T15:10:56+00:00","breadcrumb":{"@id":"https:\/\/patagoniadrivers.com\/la-empresa\/#breadcrumb"},"inLanguage":"pt-BR","potentialAction":[{"@type":"ReadAction","target":["https:\/\/patagoniadrivers.com\/la-empresa\/"]}]},{"@type":"BreadcrumbList","@id":"https:\/\/patagoniadrivers.com\/la-empresa\/#breadcrumb","itemListElement":[{"@type":"ListItem","position":1,"name":"Portada","item":"https:\/\/patagoniadrivers.com\/"},{"@type":"ListItem","position":2,"name":"La Empresa"}]},{"@type":"WebSite","@id":"https:\/\/patagoniadrivers.com\/#website","url":"https:\/\/patagoniadrivers.com\/","name":"Patagonia Drivers","description":"Somos la primer empresa de alquiler de campervan y motorhome de Ushuaia. Descubr\u00ed toda Patagonia argentina y chilena.","potentialAction":[{"@type":"SearchAction","target":{"@type":"EntryPoint","urlTemplate":"https:\/\/patagoniadrivers.com\/?s={search_term_string}"},"query-input":{"@type":"PropertyValueSpecification","valueRequired":true,"valueName":"search_term_string"}}],"inLanguage":"pt-BR"}]}},"_links":{"self":[{"href":"https:\/\/patagoniadrivers.com\/pt\/wp-json\/wp\/v2\/pages\/893","targetHints":{"allow":["GET"]}}],"collection":[{"href":"https:\/\/patagoniadrivers.com\/pt\/wp-json\/wp\/v2\/pages"}],"about":[{"href":"https:\/\/patagoniadrivers.com\/pt\/wp-json\/wp\/v2\/types\/page"}],"author":[{"embeddable":true,"href":"https:\/\/patagoniadrivers.com\/pt\/wp-json\/wp\/v2\/users\/1"}],"replies":[{"embeddable":true,"href":"https:\/\/patagoniadrivers.com\/pt\/wp-json\/wp\/v2\/comments?post=893"}],"version-history":[{"count":25,"href":"https:\/\/patagoniadrivers.com\/pt\/wp-json\/wp\/v2\/pages\/893\/revisions"}],"predecessor-version":[{"id":1723,"href":"https:\/\/patagoniadrivers.com\/pt\/wp-json\/wp\/v2\/pages\/893\/revisions\/1723"}],"wp:attachment":[{"href":"https:\/\/patagoniadrivers.com\/pt\/wp-json\/wp\/v2\/media?parent=893"}],"curies":[{"name":"wp","href":"https:\/\/api.w.org\/{rel}","templated":true}]}}